{"id":995,"date":"2023-10-04T07:19:49","date_gmt":"2023-10-04T07:19:49","guid":{"rendered":"http:\/\/soevalgus.ee\/?post_type=product&#038;p=995"},"modified":"2024-10-07T14:47:18","modified_gmt":"2024-10-07T14:47:18","slug":"arhailine-lauavalgusti","status":"publish","type":"product","link":"https:\/\/soevalgus.ee\/en\/product\/arhailine-lauavalgusti\/","title":{"rendered":"Mulgi Arhailine"},"content":{"rendered":"<p>&nbsp;<\/p>\n<p><b>Omadused:<\/b><\/p>\n<ul>\n<li>Kupli materjal: Kanga j\u00e4\u00e4kidest linane kangas, millele on tikitud arhailised mustrid.<\/li>\n<li>Kupli l\u00e4bim\u00f5\u00f5t: 15 cm<\/li>\n<li>Jala materjal: Leidpuidust tammepruss.<\/li>\n<li>Lambi k\u00f5rgus: 38 cm.<\/li>\n<li>Valgusallikas: Sokli\u00a0lambipirn E27 (ei ole kaasas).<\/li>\n<li>K\u00e4sit\u00f6\u00f6: Iga lamp on valmistatud k\u00e4sit\u00f6\u00f6na, seega v\u00f5ib esineda pisierinevusi detailides.<\/li>\n<\/ul>\n<p><b>Miks valida meie lamp?<\/b><\/p>\n<ul>\n<li>Ainulaadne disain: Iga lamp on unikaalne, t\u00e4nu k\u00e4sit\u00f6\u00f6le ja arhailistele tikanditele.<\/li>\n<li>Loodusl\u00e4hedased ja taaskasutatud materjalid: Kupli kangaks on taaskasutatud \u00a0kvaliteetne ja keskkonnas\u00f5bralik materjal.<\/li>\n<li>Vastupidav konstruktsioon: Tugev tammepuidust jalag on \u00a0ajas vastupidavus.<\/li>\n<\/ul>\n<p>Kaunista oma kodu arhailiselt tikitud valgustiga. Kupli kaunistamiseks on kasutatud vanu tikandite motiive, mis toovad esile traditsioonide ilu ja p\u00e4randi. K\u00e4sitsi valmistatud lamp on m\u00f5eldud lisama iseloomu ja soojust sinu koju.<\/p>\n<p><i>K\u00f5ik meie lambid on k\u00e4sitsi valmistatud Eestis.<\/i><\/p>","protected":false},"excerpt":{"rendered":"<p>Selle valgusti puhul pole taaskasutatud mitte ainult materjale, vaid ka mustreid, mis kannavad endas v\u00e4\u00e4rtuslikku p\u00e4randit. Me saame taaselustada meie esivanemate kauneid ja elegantseid mustreid, andes neile uue elu ning tuues nad t\u00e4nap\u00e4eva.<\/p>","protected":false},"featured_media":426,"template":"","meta":{"_monsterinsights_skip_tracking":false,"_monsterinsights_sitenote_active":false,"_monsterinsights_sitenote_note":"","_monsterinsights_sitenote_category":0,"site-sidebar-layout":"default","site-content-layout":"default","ast-global-header-display":"","ast-banner-title-visibility":"","ast-main-header-display":"","ast-hfb-above-header-display":"","ast-hfb-below-header-display":"","ast-hfb-mobile-header-display":"","site-post-title":"","ast-breadcrumbs-content":"","ast-featured-img":"","footer-sml-layout":"","theme-transparent-header-meta":"default","adv-header-id-meta":"","stick-header-meta":"","header-above-stick-meta":"","header-main-stick-meta":"","header-below-stick-meta":""},"product_brand":[],"product_cat":[18],"product_tag":[21,22],"class_list":{"0":"post-995","1":"product","2":"type-product","3":"status-publish","4":"has-post-thumbnail","6":"product_cat-laualambid","7":"product_tag-arhailine","8":"product_tag-laualamp","9":"desktop-align-left","10":"tablet-align-left","11":"mobile-align-left","13":"first","14":"outofstock","15":"shipping-taxable","16":"purchasable","17":"product-type-simple"},"jetpack_sharing_enabled":true,"_links":{"self":[{"href":"https:\/\/soevalgus.ee\/en\/wp-json\/wp\/v2\/product\/995","targetHints":{"allow":["GET"]}}],"collection":[{"href":"https:\/\/soevalgus.ee\/en\/wp-json\/wp\/v2\/product"}],"about":[{"href":"https:\/\/soevalgus.ee\/en\/wp-json\/wp\/v2\/types\/product"}],"version-history":[{"count":5,"href":"https:\/\/soevalgus.ee\/en\/wp-json\/wp\/v2\/product\/995\/revisions"}],"predecessor-version":[{"id":1118,"href":"https:\/\/soevalgus.ee\/en\/wp-json\/wp\/v2\/product\/995\/revisions\/1118"}],"wp:featuredmedia":[{"embeddable":true,"href":"https:\/\/soevalgus.ee\/en\/wp-json\/wp\/v2\/media\/426"}],"wp:attachment":[{"href":"https:\/\/soevalgus.ee\/en\/wp-json\/wp\/v2\/media?parent=995"}],"wp:term":[{"taxonomy":"product_brand","embeddable":true,"href":"https:\/\/soevalgus.ee\/en\/wp-json\/wp\/v2\/product_brand?post=995"},{"taxonomy":"product_cat","embeddable":true,"href":"https:\/\/soevalgus.ee\/en\/wp-json\/wp\/v2\/product_cat?post=995"},{"taxonomy":"product_tag","embeddable":true,"href":"https:\/\/soevalgus.ee\/en\/wp-json\/wp\/v2\/product_tag?post=995"}],"curies":[{"name":"wp","href":"https:\/\/api.w.org\/{rel}","templated":true}]}}