{"id":219,"date":"2023-07-15T04:45:25","date_gmt":"2023-07-15T04:45:25","guid":{"rendered":"http:\/\/soevalgus.ee\/?post_type=product&#038;p=219"},"modified":"2023-11-25T15:31:50","modified_gmt":"2023-11-25T15:31:50","slug":"laualamp-parl","status":"publish","type":"product","link":"https:\/\/soevalgus.ee\/en\/product\/laualamp-parl\/","title":{"rendered":"Tr\u00fckimuster"},"content":{"rendered":"<p>&nbsp;<\/p>\n<p>Omadused:<br \/>\n&#8211; Kupli materjal: Taaskasutatud kvaliteetne linane kangas, mis on kaunistatud autoritehnikaga.<br \/>\n&#8211; Kupli l\u00e4bim\u00f5\u00f5t: 15 cm.<br \/>\n&#8211; Lambi jalg: Taaskasutatud.<br \/>\n&#8211; Lambi k\u00f5rgus: 60 cm.<br \/>\n&#8211; Valgusallikas: Soovituslik E14 sokli lambipirn (ei ole kaasas). K\u00f5ik meie valgustid on varustatud EL-i standarditele vastavate elektrikomponentidega.<br \/>\n&#8211; K\u00e4sit\u00f6\u00f6: Iga lamp on valmistatud hoolika k\u00e4sit\u00f6\u00f6na, seega v\u00f5ib esineda v\u00e4ikseid erinevusi detailides.<\/p>\n<p>Miks valida meie lamp?<br \/>\n&#8211; Ainulaadne disain: Iga lamp on unikaalne ja kordumatu. Toeta eesti k\u00e4sit\u00f6\u00f6meistreid!<br \/>\n&#8211; Loodusl\u00e4hedased materjalid: Kupli kangas on valitud kvaliteetne ja keskkonnas\u00f5bralik materjal.<br \/>\n&#8211; Vastupidav konstruktsioon: Tugev metallist jalag tagab lambi stabiilsuse ja vastupidavuse.<\/p>\n<p>&nbsp;<\/p>\n<p>Loo oma ruumis ajatu atmosf\u00e4\u00e4r autori thnikas kaunistatud k\u00e4sit\u00f6\u00f6lambiga. See lamp on rohkem kui lihtsalt valgusallikas &#8211; see on kunstiteos, mis toob sinu koju soojust ja unikaalsust. K\u00f5ik meie lambid on k\u00e4sitsi valmistatud Eestis.<\/p>","protected":false},"excerpt":{"rendered":"<p>See ainulaadne valgusti on valmistatud taaskasutatud lambijalast ning kuppel on prinditud s\u00f6\u00f6vitus tehnikas ja kaunistatud tikandiga. Kangaks on valitud taaskasutatud, kvaliteetne ja keskkonnas\u00f5bralik materjal.<\/p>","protected":false},"featured_media":1020,"template":"","meta":{"_monsterinsights_skip_tracking":false,"_monsterinsights_sitenote_active":false,"_monsterinsights_sitenote_note":"","_monsterinsights_sitenote_category":0,"site-sidebar-layout":"default","site-content-layout":"default","ast-global-header-display":"","ast-banner-title-visibility":"","ast-main-header-display":"","ast-hfb-above-header-display":"","ast-hfb-below-header-display":"","ast-hfb-mobile-header-display":"","site-post-title":"","ast-breadcrumbs-content":"","ast-featured-img":"","footer-sml-layout":"","theme-transparent-header-meta":"default","adv-header-id-meta":"","stick-header-meta":"","header-above-stick-meta":"","header-main-stick-meta":"","header-below-stick-meta":""},"product_brand":[],"product_cat":[18],"product_tag":[],"class_list":{"0":"post-219","1":"product","2":"type-product","3":"status-publish","4":"has-post-thumbnail","6":"product_cat-laualambid","7":"desktop-align-left","8":"tablet-align-left","9":"mobile-align-left","11":"first","12":"instock","13":"sold-individually","14":"shipping-taxable","15":"purchasable","16":"product-type-simple"},"jetpack_sharing_enabled":true,"_links":{"self":[{"href":"https:\/\/soevalgus.ee\/en\/wp-json\/wp\/v2\/product\/219","targetHints":{"allow":["GET"]}}],"collection":[{"href":"https:\/\/soevalgus.ee\/en\/wp-json\/wp\/v2\/product"}],"about":[{"href":"https:\/\/soevalgus.ee\/en\/wp-json\/wp\/v2\/types\/product"}],"version-history":[{"count":3,"href":"https:\/\/soevalgus.ee\/en\/wp-json\/wp\/v2\/product\/219\/revisions"}],"predecessor-version":[{"id":1123,"href":"https:\/\/soevalgus.ee\/en\/wp-json\/wp\/v2\/product\/219\/revisions\/1123"}],"wp:featuredmedia":[{"embeddable":true,"href":"https:\/\/soevalgus.ee\/en\/wp-json\/wp\/v2\/media\/1020"}],"wp:attachment":[{"href":"https:\/\/soevalgus.ee\/en\/wp-json\/wp\/v2\/media?parent=219"}],"wp:term":[{"taxonomy":"product_brand","embeddable":true,"href":"https:\/\/soevalgus.ee\/en\/wp-json\/wp\/v2\/product_brand?post=219"},{"taxonomy":"product_cat","embeddable":true,"href":"https:\/\/soevalgus.ee\/en\/wp-json\/wp\/v2\/product_cat?post=219"},{"taxonomy":"product_tag","embeddable":true,"href":"https:\/\/soevalgus.ee\/en\/wp-json\/wp\/v2\/product_tag?post=219"}],"curies":[{"name":"wp","href":"https:\/\/api.w.org\/{rel}","templated":true}]}}