{"id":212,"date":"2023-07-13T04:43:23","date_gmt":"2023-07-13T04:43:23","guid":{"rendered":"http:\/\/soevalgus.ee\/?post_type=product&#038;p=212"},"modified":"2024-10-07T14:47:17","modified_gmt":"2024-10-07T14:47:17","slug":"parlitega-ehitud-ookapikaunistus","status":"publish","type":"product","link":"https:\/\/soevalgus.ee\/en\/product\/parlitega-ehitud-ookapikaunistus\/","title":{"rendered":"P\u00e4rlitega lauavalgusti"},"content":{"rendered":"<p><img fetchpriority=\"high\" decoding=\"async\" class=\"alignnone size-medium wp-image-213\" src=\"https:\/\/soevalgus.ee\/wp-content\/uploads\/2023\/07\/55B49BC9-130A-454D-9837-2FAFF6FABF1C-240x300.jpg\" alt=\"\" width=\"240\" height=\"300\" \/><\/p>","protected":false},"excerpt":{"rendered":"<p>Anna oma toale s\u00e4ra meie p\u00e4rlitega tikitud k\u00e4sit\u00f6\u00f6lambiga. Kupli kaunistamiseks on kasutatud erinevaid p\u00e4rle, mis toovad esile lambikupli ilu. K\u00e4sitsi valmistatud igas pisidetailis, on see lamp m\u00f5eldud lisama iseloomu ja soojust sinu koju.<\/p>\n<p><b>Omadused:<\/b><\/p>\n<ul>\n<li>Kupli materjal: Kvaliteetne kangas, millele on tikitud arhailised mustrid.<\/li>\n<li>Kupli l\u00e4bim\u00f5\u00f5t:Tervita oma ruumi sooja valguse ja ajatu iluga meie arhailiselt tikitud k\u00e4sit\u00f6\u00f6lamBIGA. Kupli kaunistamiseks on kasutatud vanu tikandite motiive, mis toovad esile traditsioonide ilu ja p\u00e4randi. K\u00e4sitsi valmistatud igas pisidetailis, on see lamp m\u00f5eldud lisama iseloomu ja soojust sinu koju.<b>Omadused:<\/b>\n<ul>\n<li>Kupli materjal: Taaskasutatud linane kangas, millele on tikitud p\u00e4rlid.<\/li>\n<li>Kupli l\u00e4bim\u00f5\u00f5t: 15 cm.<\/li>\n<li>Lambi jalg: Taaskasutatud.<\/li>\n<li>Lambi k\u00f5rgus: 41,5 cm.<\/li>\n<li>Valgusallikas: Soovituslik E27 sokli lambipirn (ei ole kaasas). K<span style=\"font-size: 16px;\">\u00f5ik meie valgustid on varustatud EL-i standarditele vastavate elektrikomponentidega.<\/span><\/li>\n<li>K\u00e4sit\u00f6\u00f6: Iga lamp on valmistatud hoolika k\u00e4sit\u00f6\u00f6na, seega v\u00f5ib esineda v\u00e4ikseid erinevusi detailides.<\/li>\n<\/ul>\n<p><b>Miks valida meie lamp?<\/b><\/p>\n<ul>\n<li>Ainulaadne disain: Iga lamp on unikaalne, t\u00e4nu k\u00e4sit\u00f6\u00f6le ja p\u00e4rltikanditele.<\/li>\n<li>Loodusl\u00e4hedased materjalid: Kupli kangas on valitud kvaliteetne ja keskkonnas\u00f5bralik materjal.<\/li>\n<li>Vastupidav konstruktsioon: Tugev metallist jalag tagab lambi stabiilsuse ja vastupidavuse.<\/li>\n<\/ul>\n<p>Loo oma ruumis ajatu atmosf\u00e4\u00e4r meie arhailiselt tikitud k\u00e4sit\u00f6\u00f6lambiga. See lamp on rohkem kui lihtsalt valgusallikas &#8211; see on kunstiteos, mis toob sinu koju soojust ja unikaalsust.<\/p>\n<p><i>K\u00f5ik meie lambid on k\u00e4sitsi valmistatud Eestis.<\/i><\/li>\n<\/ul>\n<p>&nbsp;<\/p>","protected":false},"featured_media":213,"template":"","meta":{"_monsterinsights_skip_tracking":false,"_monsterinsights_sitenote_active":false,"_monsterinsights_sitenote_note":"","_monsterinsights_sitenote_category":0,"site-sidebar-layout":"default","site-content-layout":"default","ast-global-header-display":"","ast-banner-title-visibility":"","ast-main-header-display":"","ast-hfb-above-header-display":"","ast-hfb-below-header-display":"","ast-hfb-mobile-header-display":"","site-post-title":"","ast-breadcrumbs-content":"","ast-featured-img":"","footer-sml-layout":"","theme-transparent-header-meta":"default","adv-header-id-meta":"","stick-header-meta":"","header-above-stick-meta":"","header-main-stick-meta":"","header-below-stick-meta":""},"product_brand":[],"product_cat":[18],"product_tag":[22,23,24],"class_list":{"0":"post-212","1":"product","2":"type-product","3":"status-publish","4":"has-post-thumbnail","6":"product_cat-laualambid","7":"product_tag-laualamp","8":"product_tag-parl-parltikand","9":"product_tag-parlid","10":"desktop-align-left","11":"tablet-align-left","12":"mobile-align-left","14":"first","15":"outofstock","16":"shipping-taxable","17":"purchasable","18":"product-type-simple"},"jetpack_sharing_enabled":true,"_links":{"self":[{"href":"https:\/\/soevalgus.ee\/en\/wp-json\/wp\/v2\/product\/212","targetHints":{"allow":["GET"]}}],"collection":[{"href":"https:\/\/soevalgus.ee\/en\/wp-json\/wp\/v2\/product"}],"about":[{"href":"https:\/\/soevalgus.ee\/en\/wp-json\/wp\/v2\/types\/product"}],"version-history":[{"count":4,"href":"https:\/\/soevalgus.ee\/en\/wp-json\/wp\/v2\/product\/212\/revisions"}],"predecessor-version":[{"id":1124,"href":"https:\/\/soevalgus.ee\/en\/wp-json\/wp\/v2\/product\/212\/revisions\/1124"}],"wp:featuredmedia":[{"embeddable":true,"href":"https:\/\/soevalgus.ee\/en\/wp-json\/wp\/v2\/media\/213"}],"wp:attachment":[{"href":"https:\/\/soevalgus.ee\/en\/wp-json\/wp\/v2\/media?parent=212"}],"wp:term":[{"taxonomy":"product_brand","embeddable":true,"href":"https:\/\/soevalgus.ee\/en\/wp-json\/wp\/v2\/product_brand?post=212"},{"taxonomy":"product_cat","embeddable":true,"href":"https:\/\/soevalgus.ee\/en\/wp-json\/wp\/v2\/product_cat?post=212"},{"taxonomy":"product_tag","embeddable":true,"href":"https:\/\/soevalgus.ee\/en\/wp-json\/wp\/v2\/product_tag?post=212"}],"curies":[{"name":"wp","href":"https:\/\/api.w.org\/{rel}","templated":true}]}}