{"id":1154,"date":"2025-11-20T12:55:54","date_gmt":"2025-11-20T12:55:54","guid":{"rendered":"https:\/\/soevalgus.ee\/?post_type=product&#038;p=1154"},"modified":"2025-12-25T08:19:06","modified_gmt":"2025-12-25T08:19:06","slug":"lihula-vii","status":"publish","type":"product","link":"https:\/\/soevalgus.ee\/en\/product\/lihula-vii\/","title":{"rendered":"Lihula VII"},"content":{"rendered":"<p data-start=\"614\" data-end=\"896\">Meeleoluvalgusti 25 cm kuppel on kaunistatud villasele kangale tikitud Lihula lillkirjalise mustriga, mille sisemine kuldne vooder peegeldab valgust pehmelt ja soojalt. Kogu valgusti k\u00f5rgus on 55,5 cm, muutes selle silmapaistvaks detailiks nii riiulil, aknalaual kui ka \u00f6\u00f6kapil.<\/p>\n<p data-start=\"898\" data-end=\"993\">Iga lamp valmib meistri k\u00e4te all k\u00e4sit\u00f6\u00f6na \u2013 t\u00e4psusest, ajatusest ja austusest materjali vastu.<\/p>\n<p>&nbsp;<\/p>\n<hr data-start=\"995\" data-end=\"998\" \/>\n<h6 data-start=\"1000\" data-end=\"1015\"><strong data-start=\"1003\" data-end=\"1015\">Omadused:<\/strong><\/h6>\n<ul data-start=\"1017\" data-end=\"1469\">\n<li data-start=\"1017\" data-end=\"1103\">\n<p data-start=\"1019\" data-end=\"1103\">Kupli materjal: villase l\u00f5ngaga kangale tikitud Lihula lillkirjalised motiivid<\/p>\n<\/li>\n<li data-start=\"1104\" data-end=\"1167\">\n<p data-start=\"1106\" data-end=\"1167\">Kupli siseosa: kuldne vooder sooja valguse hajutamiseks<\/p>\n<\/li>\n<li data-start=\"1168\" data-end=\"1197\">\n<p data-start=\"1170\" data-end=\"1197\">Kupli l\u00e4bim\u00f5\u00f5t: 25 cm<\/p>\n<\/li>\n<li data-start=\"1198\" data-end=\"1250\">\n<p data-start=\"1200\" data-end=\"1250\">Jalg: k\u00e4sitsi vormitud leidpuidust tammepalk<\/p>\n<\/li>\n<li data-start=\"1251\" data-end=\"1280\">\n<p data-start=\"1253\" data-end=\"1280\">Lambi k\u00f5rgus: 55,5 cm<\/p>\n<\/li>\n<li data-start=\"1281\" data-end=\"1341\">\n<p data-start=\"1283\" data-end=\"1341\">Juhe: p\u00f5imitud linane kangasjuhe l\u00fcliti ja pistikuga<\/p>\n<\/li>\n<li data-start=\"1342\" data-end=\"1394\">\n<p data-start=\"1344\" data-end=\"1394\">Valgusallikas: E27 pirn<\/p>\n<\/li>\n<li data-start=\"1395\" data-end=\"1469\">\n<p data-start=\"1397\" data-end=\"1469\">K\u00e4sit\u00f6\u00f6: iga valgusti on ainulaadne ja v\u00f5ib erineda pisidetailides<\/p>\n<\/li>\n<\/ul>","protected":false},"excerpt":{"rendered":"<p>Lihula seelikutelt p\u00e4rit tikandimuster elab siin uues vormis, tuues ruumi killukese rahvuslikku ilu ja k\u00e4sit\u00f6\u00f6v\u00e4ge. Taaskasutatud tammepuidust valmistatud valgusti jalg kannab endas aastate j\u00e4lgi \u2013 iga soon ja oksakoht jutustab oma loo, lisades lambile soojust ja loomulikku omap\u00e4ra.<\/p>","protected":false},"featured_media":1158,"template":"","meta":{"_monsterinsights_skip_tracking":false,"_monsterinsights_sitenote_active":false,"_monsterinsights_sitenote_note":"","_monsterinsights_sitenote_category":0,"site-sidebar-layout":"default","site-content-layout":"default","ast-global-header-display":"","ast-banner-title-visibility":"","ast-main-header-display":"","ast-hfb-above-header-display":"","ast-hfb-below-header-display":"","ast-hfb-mobile-header-display":"","site-post-title":"","ast-breadcrumbs-content":"","ast-featured-img":"","footer-sml-layout":"","theme-transparent-header-meta":"default","adv-header-id-meta":"","stick-header-meta":"","header-above-stick-meta":"","header-main-stick-meta":"","header-below-stick-meta":""},"product_brand":[],"product_cat":[18],"product_tag":[30,22,29,28],"class_list":{"0":"post-1154","1":"product","2":"type-product","3":"status-publish","4":"has-post-thumbnail","6":"product_cat-laualambid","7":"product_tag-lamp","8":"product_tag-laualamp","9":"product_tag-lihula","10":"product_tag-tikand","11":"desktop-align-left","12":"tablet-align-left","13":"mobile-align-left","15":"first","16":"outofstock","17":"shipping-taxable","18":"purchasable","19":"product-type-simple"},"jetpack_sharing_enabled":true,"_links":{"self":[{"href":"https:\/\/soevalgus.ee\/en\/wp-json\/wp\/v2\/product\/1154","targetHints":{"allow":["GET"]}}],"collection":[{"href":"https:\/\/soevalgus.ee\/en\/wp-json\/wp\/v2\/product"}],"about":[{"href":"https:\/\/soevalgus.ee\/en\/wp-json\/wp\/v2\/types\/product"}],"version-history":[{"count":3,"href":"https:\/\/soevalgus.ee\/en\/wp-json\/wp\/v2\/product\/1154\/revisions"}],"predecessor-version":[{"id":1161,"href":"https:\/\/soevalgus.ee\/en\/wp-json\/wp\/v2\/product\/1154\/revisions\/1161"}],"wp:featuredmedia":[{"embeddable":true,"href":"https:\/\/soevalgus.ee\/en\/wp-json\/wp\/v2\/media\/1158"}],"wp:attachment":[{"href":"https:\/\/soevalgus.ee\/en\/wp-json\/wp\/v2\/media?parent=1154"}],"wp:term":[{"taxonomy":"product_brand","embeddable":true,"href":"https:\/\/soevalgus.ee\/en\/wp-json\/wp\/v2\/product_brand?post=1154"},{"taxonomy":"product_cat","embeddable":true,"href":"https:\/\/soevalgus.ee\/en\/wp-json\/wp\/v2\/product_cat?post=1154"},{"taxonomy":"product_tag","embeddable":true,"href":"https:\/\/soevalgus.ee\/en\/wp-json\/wp\/v2\/product_tag?post=1154"}],"curies":[{"name":"wp","href":"https:\/\/api.w.org\/{rel}","templated":true}]}}