{"id":1066,"date":"2023-11-22T05:06:49","date_gmt":"2023-11-22T05:06:49","guid":{"rendered":"http:\/\/www.soevalgus.ee\/?post_type=product&#038;p=1066"},"modified":"2025-11-20T12:57:24","modified_gmt":"2025-11-20T12:57:24","slug":"lihula-teine","status":"publish","type":"product","link":"https:\/\/soevalgus.ee\/en\/product\/lihula-teine\/","title":{"rendered":"Lihula II"},"content":{"rendered":"<p>Meeleoluvalgusti, mille 25 cm l\u00e4bim\u00f5\u00f5duga kuppel on kaunistatud Lihula lillkirjalise seeliku mustriga, ning sisemist s\u00e4ra loob kuldne vooder.<\/p>\n<p>Ainulaadne 54,5 cm k\u00f5rgune jalg on valmistatud leidpuit tammeprussist, vormitud meistri osavate k\u00e4te vahel. Iga lamp on kordumatu k\u00e4sit\u00f6\u00f6.<\/p>\n<p><b>Omadused:<\/b><\/p>\n<ul>\n<li>Kupli materjal: Fliis taaskasutatud kangas, millele on tikitud Lihula lillkirjalise seeliku motiivid.<\/li>\n<li>Kupli siseosa on elegantse kuldse voodriga, luues sooja valgust seest poolt.<\/li>\n<li>Kupli l\u00e4bim\u00f5\u00f5t: 25 cm<\/li>\n<li>Jala materjal: Leidpuidust tammepruss, mis on k\u00e4sitsi vormitud meistri osavate k\u00e4te vahel.<\/li>\n<li>Lambi k\u00f5rgus: 55 cm.<\/li>\n<li>Juhtmeks on p\u00f5imitud linane kangasjuhe l\u00fcliti ja pistikuga.<\/li>\n<li>Valgusallikas: Sokli\u00a0lambipirn E27 (ei ole kaasas).<\/li>\n<li>K\u00e4sit\u00f6\u00f6: Iga lamp on valmistatud k\u00e4sit\u00f6\u00f6na, seega v\u00f5ib esineda pisierinevusi detailides.<\/li>\n<\/ul>\n<p><b>Miks valida meie lamp?<\/b><\/p>\n<ul>\n<li>Ainulaadne disain: Iga lamp on unikaalne, t\u00e4nu k\u00e4sit\u00f6\u00f6le ja k\u00e4sitikanditele.<\/li>\n<li>Meie ainulaadsetes lampides kasutatakse kvaliteetset villast kangast, millele on tikitud Lihula lillkirjalised mustrid, ning kupli siseosa on elegantse kuldse voodriga, luues erakordse valgusti, mis \u00fchendab stiili ja soojust.<\/li>\n<li>Loodusl\u00e4hedased ja taaskasutatud materjalid: Selle valgusti jalg on taaskasutatud puidust.<\/li>\n<li>Vastupidav konstruktsioon: Tugev tammepuidust jalag tagab lambi stabiilsuse ja vastupidavuse ajas .<\/li>\n<\/ul>\n<p>Loo oma ruumis ajatu atmosf\u00e4\u00e4r meie tikitud k\u00e4sit\u00f6\u00f6lambiga. See lamp on rohkem kui lihtsalt valgusallikas \u2013 see on kunstiteos, mis toob sinu koju soojust ja unikaalsust.<\/p>\n<p><i>K\u00f5ik meie lambid on k\u00e4sitsi valmistatud Eestis.<\/i><\/p>\n<p><a href=\"https:\/\/soevalgus.ee\/wp-content\/uploads\/2023\/11\/copy_8D4B51F1-D468-41C5-9F00-001F507A8B44.mov\">Lihula valgustite video<\/a><\/p>\n<p>[No.15]<\/p>\n","protected":false},"excerpt":{"rendered":"<p>Selle lauavalgusti ainulaadne disain toob esile mineviku ja oleviku harmoonia, kandes endas lugusid ja ajatut ilu. Tuttavlik tikand on keerelnud Lihula seelikutel. Valgusti jalg on valmistatud taaskasutatud tammepuidust, olles kaunis t\u00f5estus aja j\u00e4lgedest ning luues enda \u00fcmber sooja tunnet.<\/p>","protected":false},"featured_media":1086,"template":"","meta":{"_monsterinsights_skip_tracking":false,"_monsterinsights_sitenote_active":false,"_monsterinsights_sitenote_note":"","_monsterinsights_sitenote_category":0,"site-sidebar-layout":"default","site-content-layout":"default","ast-global-header-display":"","ast-banner-title-visibility":"","ast-main-header-display":"","ast-hfb-above-header-display":"","ast-hfb-below-header-display":"","ast-hfb-mobile-header-display":"","site-post-title":"","ast-breadcrumbs-content":"","ast-featured-img":"","footer-sml-layout":"","theme-transparent-header-meta":"default","adv-header-id-meta":"","stick-header-meta":"","header-above-stick-meta":"","header-main-stick-meta":"","header-below-stick-meta":""},"product_brand":[],"product_cat":[18],"product_tag":[22,29,28],"class_list":{"0":"post-1066","1":"product","2":"type-product","3":"status-publish","4":"has-post-thumbnail","6":"product_cat-laualambid","7":"product_tag-laualamp","8":"product_tag-lihula","9":"product_tag-tikand","10":"desktop-align-left","11":"tablet-align-left","12":"mobile-align-left","14":"first","15":"outofstock","16":"shipping-taxable","17":"purchasable","18":"product-type-simple"},"jetpack_sharing_enabled":true,"_links":{"self":[{"href":"https:\/\/soevalgus.ee\/en\/wp-json\/wp\/v2\/product\/1066","targetHints":{"allow":["GET"]}}],"collection":[{"href":"https:\/\/soevalgus.ee\/en\/wp-json\/wp\/v2\/product"}],"about":[{"href":"https:\/\/soevalgus.ee\/en\/wp-json\/wp\/v2\/types\/product"}],"version-history":[{"count":5,"href":"https:\/\/soevalgus.ee\/en\/wp-json\/wp\/v2\/product\/1066\/revisions"}],"predecessor-version":[{"id":1106,"href":"https:\/\/soevalgus.ee\/en\/wp-json\/wp\/v2\/product\/1066\/revisions\/1106"}],"wp:featuredmedia":[{"embeddable":true,"href":"https:\/\/soevalgus.ee\/en\/wp-json\/wp\/v2\/media\/1086"}],"wp:attachment":[{"href":"https:\/\/soevalgus.ee\/en\/wp-json\/wp\/v2\/media?parent=1066"}],"wp:term":[{"taxonomy":"product_brand","embeddable":true,"href":"https:\/\/soevalgus.ee\/en\/wp-json\/wp\/v2\/product_brand?post=1066"},{"taxonomy":"product_cat","embeddable":true,"href":"https:\/\/soevalgus.ee\/en\/wp-json\/wp\/v2\/product_cat?post=1066"},{"taxonomy":"product_tag","embeddable":true,"href":"https:\/\/soevalgus.ee\/en\/wp-json\/wp\/v2\/product_tag?post=1066"}],"curies":[{"name":"wp","href":"https:\/\/api.w.org\/{rel}","templated":true}]}}