{"id":51,"date":"2023-09-14T08:36:50","date_gmt":"2023-09-14T08:36:50","guid":{"rendered":"https:\/\/soevalgus.ee\/?page_id=51"},"modified":"2023-10-03T18:29:06","modified_gmt":"2023-10-03T18:29:06","slug":"refund_returns","status":"publish","type":"page","link":"https:\/\/soevalgus.ee\/en\/refund_returns\/","title":{"rendered":"M\u00fc\u00fcgitingimused"},"content":{"rendered":"<div data-elementor-type=\"wp-page\" data-elementor-id=\"51\" class=\"elementor elementor-51\">\n\t\t\t\t\t\t<section class=\"elementor-section elementor-top-section elementor-element elementor-element-2ec25a5 elementor-section-boxed elementor-section-height-default elementor-section-height-default\" data-id=\"2ec25a5\" data-element_type=\"section\" data-e-type=\"section\">\n\t\t\t\t\t\t<div class=\"elementor-container elementor-column-gap-default\">\n\t\t\t\t\t<div class=\"elementor-column elementor-col-100 elementor-top-column elementor-element elementor-element-49cf2bb\" data-id=\"49cf2bb\" data-element_type=\"column\" data-e-type=\"column\">\n\t\t\t<div class=\"elementor-widget-wrap elementor-element-populated\">\n\t\t\t\t\t\t<div class=\"elementor-element elementor-element-f9e4ff4 elementor-widget elementor-widget-heading\" data-id=\"f9e4ff4\" data-element_type=\"widget\" data-e-type=\"widget\" data-widget_type=\"heading.default\">\n\t\t\t\t<div class=\"elementor-widget-container\">\n\t\t\t\t\t<h2 class=\"elementor-heading-title elementor-size-default\">M\u00fc\u00fcgi- ja kasutustingimused<\/h2>\t\t\t\t<\/div>\n\t\t\t\t<\/div>\n\t\t\t\t\t<\/div>\n\t\t<\/div>\n\t\t\t\t\t<\/div>\n\t\t<\/section>\n\t\t\t\t<section class=\"elementor-section elementor-top-section elementor-element elementor-element-202ea0bb elementor-section-boxed elementor-section-height-default elementor-section-height-default\" data-id=\"202ea0bb\" data-element_type=\"section\" data-e-type=\"section\">\n\t\t\t\t\t\t<div class=\"elementor-container elementor-column-gap-default\">\n\t\t\t\t\t<div class=\"elementor-column elementor-col-100 elementor-top-column elementor-element elementor-element-1d4ce422\" data-id=\"1d4ce422\" data-element_type=\"column\" data-e-type=\"column\">\n\t\t\t<div class=\"elementor-widget-wrap elementor-element-populated\">\n\t\t\t\t\t\t<div class=\"elementor-element elementor-element-27b62402 elementor-widget elementor-widget-text-editor\" data-id=\"27b62402\" data-element_type=\"widget\" data-e-type=\"widget\" data-widget_type=\"text-editor.default\">\n\t\t\t\t<div class=\"elementor-widget-container\">\n\t\t\t\t\t\t\t\t\t<p><\/p>\n<p>\u00a0<\/p>\n<p>Veebipoe www.soevalgus.ee (edaspidi Veebipood) omanik on Soe Valgus O\u00dc (12317989) asukohaga Harju maakond, Tallinn, N\u00f5mme linnaosa, Lootuse pst 109, 11619.<\/p>\n<p><\/p>\n<h5><strong>1. M\u00fc\u00fcgilepingu kehtivus, kauba- ja hinnainfo<\/strong><\/h5>\n<p><\/p>\n<p>M\u00fc\u00fcgitingimused kehtivad Veebipoest kaupade ostmisel.<\/p>\n<p>Veebipoes m\u00fc\u00fcdavate toodete hinnad on m\u00e4rgitud toodete juurde. Hinnale lisandub tasu kauba k\u00e4ttetoimetamise eest.<\/p>\n<p>Kauba k\u00e4ttetoimetamise tasu s\u00f5ltub ostja asukohast ning k\u00e4ttetoimetamise viisist. K\u00e4ttetoimetamise tasu kuvatakse ostjale tellimuse vormistamisel.<\/p>\n<p>Teave kauba kohta on esitatud Veebipoes vahetult kauba juures.<\/p>\n<p><\/p>\n<h5><b>2. Tellimuse vormistamine<\/b><\/h5>\n<p><\/p>\n<p>Kauba tellimiseks tuleb lisada soovitud tooted ostukorvi. Tellimuse vormistamiseks tuleb t\u00e4ita n\u00f5utud andmev\u00e4ljad ning valida sobiv toodete kohaletoimetamise viis. Seej\u00e4rel kuvatakse ekraanile tasu suurus, mille saab tasuda panga\u00fclekandega arve alusel Soe Valgus O\u00dc pangakontole. \u00dclekandega tasumisel m\u00e4rgi kindlasti selgitusse tellimuse number!<\/p>\n<p>T\u00e4itke andmete ja tellimuse kinnituse lehek\u00fcljel olevad lahtrid t\u00e4helepanelikult, sest esitatud informatsiooni t\u00e4psusest ja \u00f5igsusest s\u00f5ltub Teie ostetud toodete kiire ja t\u00f5rgeteta kohaletoimetamine ning hilisem vaidluste ja pretensioonide lahendamine.<\/p>\n<p>Leping j\u00f5ustub alates tasumisele kuuluva summa laekumisest Veebipoe arvelduskontole.<\/p>\n<p>Soe Valgus O\u00dc on \u00f5igus t\u00fchistada tellimused, mille eest ei ole tasutud 3 t\u00f6\u00f6p\u00e4eva jooksul.<\/p>\n<p>Kui tellitud kaupa ei ole v\u00f5imalik tarnida seoses kauba l\u00f5ppemisega v\u00f5i muul p\u00f5hjusel, teavitatakse sellest ostjat esimesel v\u00f5imalusel ning tagastatakse tasutud raha (sh kauba k\u00e4ttetoimetamise kulud) \u00fcldjuhul 1-2 t\u00f6\u00f6p\u00e4eva jooksul. S\u00f5ltuvalt makseviisist v\u00f5ib laekumine aega v\u00f5tta kuni 7 t\u00f6\u00f6p\u00e4eva.<\/p>\n<h5><b style=\"font-style: inherit;\">3. Kohaletoimetamine<\/b><\/h5>\n<p><\/p>\n<p>P\u00e4rast m\u00fc\u00fcgilepingu j\u00f5ustumist komplekteerib veebipood soevalgus.ee tellimuse ning annab selle kohaletoimetamiseks \u00fcle ettev\u00f5tte logistikapartneritele.<br \/>E-poe veebilehel n\u00e4idatud kohaletoimetamise t\u00e4htajad kehtivad tellimuse summa laekumise hetkest Veebipoe pangakontole.<br \/>Eestisisesed saadetised j\u00f5uavad \u00fcldjuhul ostja m\u00e4\u00e4ratud sihtpunkti 3-7 t\u00f6\u00f6p\u00e4eva jooksul alates m\u00fc\u00fcgilepingu j\u00f5ustumist. V\u00e4ljaspool Eestit toimub kohaletoimetamine 7-29 kalendrip\u00e4eva jooksul.<br \/>Erandlikel juhtumitel on \u00f5igus kaup kohale toimetada kuni 30 kalendrip\u00e4eva jooksul.<br \/>Kui Veebipood on veebilehel v\u00f5i tellimuse kinnituses teavitanud ostjat tarneprobleemidest ja 30 kalendrip\u00e4eva \u00fcletavast t\u00e4htajast, kohaldub Veebipoe poolt avaldatud t\u00e4htaeg.<br \/>Viivitusteta kohaletoimetamiseks tuleb olla hoolas ning tellimuse vormistamisel esitada kohaletoimetamise andmete sisestamisel t\u00f5ele vastavad ning kehtivad andmed. Veebipood ei vastuta viivituste v\u00f5i tekkinud probleemide eest juhul, kui viivitus v\u00f5i probleem on tekkinud Kliendi poolt tellimuse vormistamisel sisestatud andmete ebat\u00e4psusest.<br \/>Veebipood soevalgus.ee ei vastuta kauba kohaletoimetamise viibimise eest juhul, kui kaup on logistikapartneritele \u00fcle antud \u00f5igel ajal, kuid kohaletoimetamise viibimine on tingitud asjaoludest, mida veebipood soevalgus.ee ei saanud m\u00f5jutada ega ette n\u00e4ha.<\/p>\n<p><\/p>\n<h5><strong>4. Taganemis\u00f5igus<\/strong><\/h5>\n<p><\/p>\n<p>P\u00e4rast tellimuse k\u00e4ttesaamist on ostjal \u00f5igus e-poes s\u00f5lmitud lepingust taganeda 14 p\u00e4eva jooksul.<\/p>\n<p>Taganemis\u00f5igus ei kohaldu, kui ostjaks on juriidiline isik.\u2028\u2028<\/p>\n<p>14-p\u00e4evase tagastamis\u00f5iguse kasutamiseks ei tohi tellitud kaupa kasutada muul viisil kui on vajalik kauba olemuses, omadustes ja toimimises veendumiseks viisil nagu see on lubatud kauba testimiseks f\u00fc\u00fcsilises poes.\u2028\u2028Kui kaupa on kasutatud muuks otstarbeks kui on vajalik kauba olemuses, omadustes ja toimimises veendumiseks v\u00f5i sellel on kasutamise v\u00f5i kulumise m\u00e4rke, on Veebipoel \u00f5igus alandada tagastatavat tasu vastavalt kauba v\u00e4\u00e4rtuse v\u00e4henemisele.\u2028\u2028Kauba tagastamiseks tuleb esitada Kauba ostust taganemise avaldus ning saata see aadressile info@soevalgus.ee hiljemalt 14 p\u00e4eva jooksul kauba k\u00e4ttesaamisest.<\/p>\n<p>Kauba tagastamise kulud kannab ostja, v\u00e4lja arvatud juhul, kui tagastamise p\u00f5hjus seisneb asjaolus, et tagastamisele kuuluv asi ei vasta tellitule (nt vale v\u00f5i defektiga asi).<\/p>\n<p>Ostja peab kauba tagastama avalduse esitamisele j\u00e4rgneva 14 p\u00e4eva jooksul v\u00f5i esitama t\u00f5endi, et ta on eelnimetatud perioodi jooksul kauba \u00fcle andnud kauba vedajale.\u2028Ostja peab kauba tagastama avalduse esitamisele j\u00e4rgneva 14 p\u00e4eva jooksul v\u00f5i esitama t\u00f5endi, et ta on eelnimetatud perioodi jooksul kauba \u00fcle andnud kauba vedajale.<\/p>\n<p>Veebipood tagastab tagastatava kauba k\u00e4ttesaamisel ostjale viivitamata, kuid mitte hiljem kui 14 p\u00e4eva m\u00f6\u00f6dumisel arvates taganemisavalduse saamisest, k\u00f5ik ostjalt lepingu alusel saadud tasud.<br \/>Veebipood v\u00f5ib keelduda tagasimaksete tegemisest seni, kuni on lepingu esemeks oleva asja tagasi saanud v\u00f5i kuni ostja on esitanud t\u00f5endid, et on asja tagasi saatnud, s\u00f5ltuvalt sellest, kumb toimub varem.<\/p>\n<p><\/p>\n<h5><strong>5. Pretensiooni esitamise \u00f5igus<\/strong><\/h5>\n<p><strong><\/strong><\/p>\n<p>Veebipood vastutab ostjale m\u00fc\u00fcdud kauba lepingutingimustele mittevastavuse v\u00f5i puuduse eest, mis oli olemas juba asja \u00fcleandmise hetkel ning mis ilmneb kuni kahe aasta jooksul, alates kauba \u00fcleandmisest ostjale. Sellest esimese aasta jooksul asja \u00fcleandmisest ostjale eeldatakse, et puudus oli olemas juba asja \u00fcleandmise ajal. Vastava eelduse \u00fcmberl\u00fckkamine on Veebipoe kohustus.<\/p>\n<p>Ostjal on \u00f5igus puuduse ilmnemisel p\u00f6\u00f6rduda hiljemalt kahe kuu jooksul veebipoe poole, saates e-kirja aadressile info@soevalgus.ee.<\/p>\n<p>Veebipood ei vastuta puuduste eest, mis on tekkinud p\u00e4rast kauba \u00fcleandmist tarbija tegevuse v\u00f5i tegevusetuse t\u00f5ttu (vale kasutusviis, \u00f5nnetusjuhtum vms) v\u00f5i kui tegemist on asja tavap\u00e4rasest kasutamisest tingitud normaalse kulumisega.<\/p>\n<p>Kui Veebipoest ostetud kaubal on puudused, mille eest Veebipood vastutab, parandab v\u00f5i asendab Veebipood puudusega kauba. Kui kaupa ei ole v\u00f5imalik parandada ega asendada, tagastab Veebipood ostjale k\u00f5ik m\u00fc\u00fcgilepinguga kaasnenud tasud.<\/p>\n<p>Veebipood vastab tarbija esitatud kaebusele kirjalikult v\u00f5i kirjalikku taasesitamist v\u00f5imaldavas vormis 15 p\u00e4eva jooksul.<\/p>\n<h5><strong>6. Vaidluste lahendamine<\/strong><\/h5>\n<p><\/p>\n<p>Kui ostjal on Veebipoe osas pretensioone, tuleb need saata e-kirja aadressile info@soevalgus.ee.<\/p>\n<p>Kui ostja ja Veebipood ei suuda lahenda vaidlust kokkuleppe teel, siis on ostjal v\u00f5imalik p\u00f6\u00f6rduda Tarbijavaidluste komisjoni poole.\u00a0Komisjoni p\u00e4devuses on lahendada ostja ja Veebipoe vahel s\u00f5lmitud lepingust tulenevaid vaidlusi. Ostja kaebuse l\u00e4bivaatamine komisjonis on tasuta.\u00a0<\/p>\n<p>Ostja v\u00f5ib p\u00f6\u00f6rduda Euroopa Liidu tarbijavaidlusi lahendava platvormi poole. Tarbijakaitse komisjoni andmed on toodud Tarbijakaitseameti kodulehel.<\/p>\n<p><\/p>\n<p><\/p>\t\t\t\t\t\t\t\t<\/div>\n\t\t\t\t<\/div>\n\t\t\t\t\t<\/div>\n\t\t<\/div>\n\t\t\t\t\t<\/div>\n\t\t<\/section>\n\t\t\t\t<\/div>","protected":false},"excerpt":{"rendered":"<p>M\u00fc\u00fcgi- ja kasutustingimused \u00a0 Veebipoe www.soevalgus.ee (edaspidi Veebipood) omanik on Soe Valgus O\u00dc (12317989) asukohaga Harju maakond, Tallinn, N\u00f5mme linnaosa, Lootuse pst 109, 11619. 1. M\u00fc\u00fcgilepingu kehtivus, kauba- ja hinnainfo M\u00fc\u00fcgitingimused kehtivad Veebipoest kaupade ostmisel. Veebipoes m\u00fc\u00fcdavate toodete hinnad on m\u00e4rgitud toodete juurde. Hinnale lisandub tasu kauba k\u00e4ttetoimetamise eest. Kauba k\u00e4ttetoimetamise tasu s\u00f5ltub ostja asukohast &hellip;<\/p>\n<p class=\"read-more\"> <a class=\"\" href=\"https:\/\/soevalgus.ee\/en\/refund_returns\/\"> <span class=\"screen-reader-text\">M\u00fc\u00fcgitingimused<\/span> Read More &raquo;<\/a><\/p>","protected":false},"author":1,"featured_media":0,"parent":0,"menu_order":0,"comment_status":"closed","ping_status":"closed","template":"","meta":{"_monsterinsights_skip_tracking":false,"_monsterinsights_sitenote_active":false,"_monsterinsights_sitenote_note":"","_monsterinsights_sitenote_category":0,"site-sidebar-layout":"default","site-content-layout":"default","ast-global-header-display":"","ast-banner-title-visibility":"","ast-main-header-display":"","ast-hfb-above-header-display":"","ast-hfb-below-header-display":"","ast-hfb-mobile-header-display":"","site-post-title":"","ast-breadcrumbs-content":"","ast-featured-img":"","footer-sml-layout":"","theme-transparent-header-meta":"","adv-header-id-meta":"","stick-header-meta":"","header-above-stick-meta":"","header-main-stick-meta":"","header-below-stick-meta":"","footnotes":""},"class_list":["post-51","page","type-page","status-publish","hentry"],"jetpack_sharing_enabled":true,"_links":{"self":[{"href":"https:\/\/soevalgus.ee\/en\/wp-json\/wp\/v2\/pages\/51","targetHints":{"allow":["GET"]}}],"collection":[{"href":"https:\/\/soevalgus.ee\/en\/wp-json\/wp\/v2\/pages"}],"about":[{"href":"https:\/\/soevalgus.ee\/en\/wp-json\/wp\/v2\/types\/page"}],"author":[{"embeddable":true,"href":"https:\/\/soevalgus.ee\/en\/wp-json\/wp\/v2\/users\/1"}],"replies":[{"embeddable":true,"href":"https:\/\/soevalgus.ee\/en\/wp-json\/wp\/v2\/comments?post=51"}],"version-history":[{"count":5,"href":"https:\/\/soevalgus.ee\/en\/wp-json\/wp\/v2\/pages\/51\/revisions"}],"predecessor-version":[{"id":971,"href":"https:\/\/soevalgus.ee\/en\/wp-json\/wp\/v2\/pages\/51\/revisions\/971"}],"wp:attachment":[{"href":"https:\/\/soevalgus.ee\/en\/wp-json\/wp\/v2\/media?parent=51"}],"curies":[{"name":"wp","href":"https:\/\/api.w.org\/{rel}","templated":true}]}}