{"id":15,"date":"2023-06-29T06:45:48","date_gmt":"2023-06-29T06:45:48","guid":{"rendered":"https:\/\/soevalgus.ee\/?page_id=15"},"modified":"2023-10-04T07:03:36","modified_gmt":"2023-10-04T07:03:36","slug":"lugu","status":"publish","type":"page","link":"https:\/\/soevalgus.ee\/en\/lugu\/","title":{"rendered":"Lugu"},"content":{"rendered":"<div data-elementor-type=\"wp-page\" data-elementor-id=\"15\" class=\"elementor elementor-15\">\n\t\t\t\t\t\t<section class=\"elementor-section elementor-top-section elementor-element elementor-element-e596afb elementor-section-height-min-height elementor-section-boxed elementor-section-height-default elementor-section-items-middle\" data-id=\"e596afb\" data-element_type=\"section\" data-e-type=\"section\">\n\t\t\t\t\t\t<div class=\"elementor-container elementor-column-gap-default\">\n\t\t\t\t\t<div class=\"elementor-column elementor-col-100 elementor-top-column elementor-element elementor-element-847b553\" data-id=\"847b553\" data-element_type=\"column\" data-e-type=\"column\">\n\t\t\t<div class=\"elementor-widget-wrap\">\n\t\t\t\t\t\t\t<\/div>\n\t\t<\/div>\n\t\t\t\t\t<\/div>\n\t\t<\/section>\n\t\t\t\t<section class=\"elementor-section elementor-top-section elementor-element elementor-element-5975282f elementor-section-full_width elementor-section-content-middle elementor-section-height-default elementor-section-height-default\" data-id=\"5975282f\" data-element_type=\"section\" data-e-type=\"section\">\n\t\t\t\t\t\t<div class=\"elementor-container elementor-column-gap-no\">\n\t\t\t\t\t<div class=\"elementor-column elementor-col-100 elementor-top-column elementor-element elementor-element-fc3b73a\" data-id=\"fc3b73a\" data-element_type=\"column\" data-e-type=\"column\">\n\t\t\t<div class=\"elementor-widget-wrap elementor-element-populated\">\n\t\t\t\t\t\t<div class=\"elementor-element elementor-element-8f14c86 elementor-widget elementor-widget-image\" data-id=\"8f14c86\" data-element_type=\"widget\" data-e-type=\"widget\" data-widget_type=\"image.default\">\n\t\t\t\t<div class=\"elementor-widget-container\">\n\t\t\t\t\t\t\t\t\t\t\t\t\t\t\t<img fetchpriority=\"high\" decoding=\"async\" width=\"2049\" height=\"1152\" src=\"https:\/\/soevalgus.ee\/wp-content\/uploads\/2023\/10\/Me-koik-vajame-valgust.-Pimeduses-loputult-ei-koba.-Uhel-hetkel-arkame-markame-ja-teeme-uhe-lulituse-ning-soe-valgus-valgub-me-tuppa-ja-hinge-1.png\" class=\"attachment-full size-full wp-image-914\" alt=\"soe valgus\" srcset=\"https:\/\/soevalgus.ee\/wp-content\/uploads\/2023\/10\/Me-koik-vajame-valgust.-Pimeduses-loputult-ei-koba.-Uhel-hetkel-arkame-markame-ja-teeme-uhe-lulituse-ning-soe-valgus-valgub-me-tuppa-ja-hinge-1.png 2049w, https:\/\/soevalgus.ee\/wp-content\/uploads\/2023\/10\/Me-koik-vajame-valgust.-Pimeduses-loputult-ei-koba.-Uhel-hetkel-arkame-markame-ja-teeme-uhe-lulituse-ning-soe-valgus-valgub-me-tuppa-ja-hinge-1-600x337.png 600w, https:\/\/soevalgus.ee\/wp-content\/uploads\/2023\/10\/Me-koik-vajame-valgust.-Pimeduses-loputult-ei-koba.-Uhel-hetkel-arkame-markame-ja-teeme-uhe-lulituse-ning-soe-valgus-valgub-me-tuppa-ja-hinge-1-300x169.png 300w, https:\/\/soevalgus.ee\/wp-content\/uploads\/2023\/10\/Me-koik-vajame-valgust.-Pimeduses-loputult-ei-koba.-Uhel-hetkel-arkame-markame-ja-teeme-uhe-lulituse-ning-soe-valgus-valgub-me-tuppa-ja-hinge-1-1024x576.png 1024w, https:\/\/soevalgus.ee\/wp-content\/uploads\/2023\/10\/Me-koik-vajame-valgust.-Pimeduses-loputult-ei-koba.-Uhel-hetkel-arkame-markame-ja-teeme-uhe-lulituse-ning-soe-valgus-valgub-me-tuppa-ja-hinge-1-768x432.png 768w, https:\/\/soevalgus.ee\/wp-content\/uploads\/2023\/10\/Me-koik-vajame-valgust.-Pimeduses-loputult-ei-koba.-Uhel-hetkel-arkame-markame-ja-teeme-uhe-lulituse-ning-soe-valgus-valgub-me-tuppa-ja-hinge-1-1536x864.png 1536w, https:\/\/soevalgus.ee\/wp-content\/uploads\/2023\/10\/Me-koik-vajame-valgust.-Pimeduses-loputult-ei-koba.-Uhel-hetkel-arkame-markame-ja-teeme-uhe-lulituse-ning-soe-valgus-valgub-me-tuppa-ja-hinge-1-18x10.png 18w\" sizes=\"(max-width: 2049px) 100vw, 2049px\" \/>\t\t\t\t\t\t\t\t\t\t\t\t\t\t\t<\/div>\n\t\t\t\t<\/div>\n\t\t\t\t\t<\/div>\n\t\t<\/div>\n\t\t\t\t\t<\/div>\n\t\t<\/section>\n\t\t\t\t<section class=\"elementor-section elementor-top-section elementor-element elementor-element-1908038 elementor-section-boxed elementor-section-height-default elementor-section-height-default\" data-id=\"1908038\" data-element_type=\"section\" data-e-type=\"section\">\n\t\t\t\t\t\t<div class=\"elementor-container elementor-column-gap-default\">\n\t\t\t\t\t<div class=\"elementor-column elementor-col-100 elementor-top-column elementor-element elementor-element-e5f9864\" data-id=\"e5f9864\" data-element_type=\"column\" data-e-type=\"column\">\n\t\t\t<div class=\"elementor-widget-wrap elementor-element-populated\">\n\t\t\t\t\t\t<section class=\"elementor-section elementor-inner-section elementor-element elementor-element-d3cee3e elementor-section-height-min-height elementor-section-content-middle elementor-section-boxed elementor-section-height-default\" data-id=\"d3cee3e\" data-element_type=\"section\" data-e-type=\"section\">\n\t\t\t\t\t\t<div class=\"elementor-container elementor-column-gap-default\">\n\t\t\t\t\t<div class=\"elementor-column elementor-col-50 elementor-inner-column elementor-element elementor-element-c4ca026\" data-id=\"c4ca026\" data-element_type=\"column\" data-e-type=\"column\">\n\t\t\t<div class=\"elementor-widget-wrap elementor-element-populated\">\n\t\t\t\t\t\t<div class=\"elementor-element elementor-element-951b297 elementor-widget elementor-widget-text-editor\" data-id=\"951b297\" data-element_type=\"widget\" data-e-type=\"widget\" data-widget_type=\"text-editor.default\">\n\t\t\t\t<div class=\"elementor-widget-container\">\n\t\t\t\t\t\t\t\t\t<p>SOE VALGUS valgustid on loodud Eestis koost\u00f6\u00f6s kohalike k\u00e4sit\u00f6\u00f6meistritega, \u00fchendades traditsioonilised tehnikad kaasaegse stiiliga. Lisaks sellele on meie lampidel tugev taaskasutuse aspekt. Tootmisprotsessis tekkivaid j\u00e4\u00e4tmeid v\u00e4hendame hoolikalt valitud materjalide abil, millest v\u00f5imalikult paljud on taaskasutatud. Meie eesm\u00e4rgiks on luua tooteid, mis aitavad kaasa maailma paremaks muutmisele.<\/p>\t\t\t\t\t\t\t\t<\/div>\n\t\t\t\t<\/div>\n\t\t\t\t\t<\/div>\n\t\t<\/div>\n\t\t\t\t<div class=\"elementor-column elementor-col-50 elementor-inner-column elementor-element elementor-element-c90802f\" data-id=\"c90802f\" data-element_type=\"column\" data-e-type=\"column\">\n\t\t\t<div class=\"elementor-widget-wrap elementor-element-populated\">\n\t\t\t\t\t\t<div class=\"elementor-element elementor-element-0f7a81c elementor-widget elementor-widget-text-editor\" data-id=\"0f7a81c\" data-element_type=\"widget\" data-e-type=\"widget\" data-widget_type=\"text-editor.default\">\n\t\t\t\t<div class=\"elementor-widget-container\">\n\t\t\t\t\t\t\t\t\t<p><span class=\"Apple-converted-space\"> Isikup\u00e4rased valgustid loovad interj\u00f6\u00f6ris erilise atmosf\u00e4\u00e4ri, sobides nii modernsematesse kui ka traditsioonilisematesse ruumidesse. <\/span>Iga lamp on eksklusiivselt ainulaadne k\u00e4sit\u00f6\u00f6ese ja kuulub piiratud tiraa\u017eiga kollektsiooni. Kupleid kaunistab n\u00f5elamaali meenutav vabak\u00e4etikand. See on viis enesev\u00e4ljenduseks, loob tekstuuri ja liikumist ning lisab iga valgusti disainile isikliku puudutuse. Iga kangale tehtud piste on kui killuke hingest ja muudab tikandi t\u00f5eliselt unikaalseks. Soe Valguse looja ja disainer on Katarina Tallermo.<\/p>\t\t\t\t\t\t\t\t<\/div>\n\t\t\t\t<\/div>\n\t\t\t\t\t<\/div>\n\t\t<\/div>\n\t\t\t\t\t<\/div>\n\t\t<\/section>\n\t\t\t\t\t<\/div>\n\t\t<\/div>\n\t\t\t\t\t<\/div>\n\t\t<\/section>\n\t\t\t\t<section class=\"elementor-section elementor-top-section elementor-element elementor-element-9eb0b98 elementor-section-boxed elementor-section-height-default elementor-section-height-default\" data-id=\"9eb0b98\" data-element_type=\"section\" data-e-type=\"section\" data-settings=\"{&quot;background_background&quot;:&quot;classic&quot;}\">\n\t\t\t\t\t\t<div class=\"elementor-container elementor-column-gap-default\">\n\t\t\t\t\t<div class=\"elementor-column elementor-col-33 elementor-top-column elementor-element elementor-element-864a09d\" data-id=\"864a09d\" data-element_type=\"column\" data-e-type=\"column\">\n\t\t\t<div class=\"elementor-widget-wrap elementor-element-populated\">\n\t\t\t\t\t\t<div class=\"elementor-element elementor-element-abf99e4 elementor-widget__width-auto elementor-widget elementor-widget-text-editor\" data-id=\"abf99e4\" data-element_type=\"widget\" data-e-type=\"widget\" data-widget_type=\"text-editor.default\">\n\t\t\t\t<div class=\"elementor-widget-container\">\n\t\t\t\t\t\t\t\t\t<p><i>&#8220;Mulle meeldib m\u00e4ngida mustrite ja tekstuuridega ning luua midagi ilusat ja samas praktilist. Kuid siis p\u00f5rkun kokku probleemiga: elame \u00fclek\u00fclluse ajastul. Miks peaksin minagi siia maailma veel asju juurde tootma?<\/i><\/p><p><i><br><\/i><\/p>\n<p><i>Valmistades valgusteid taaskasutatud tekstiilij\u00e4\u00e4kidest, leidpuidust ja vanakraami kauplustest p\u00e4\u00e4stetud materjalidest, lahendan enda jaoks just need kaks probleemi: v\u00e4hendan j\u00e4\u00e4tmete hulka maailmas ning samal ajal saan ikkagi oma loovuse looma valla p\u00e4\u00e4sta.&#8221;<\/i><\/p>\t\t\t\t\t\t\t\t<\/div>\n\t\t\t\t<\/div>\n\t\t\t\t\t<\/div>\n\t\t<\/div>\n\t\t\t\t<div class=\"elementor-column elementor-col-66 elementor-top-column elementor-element elementor-element-e4b0cfd\" data-id=\"e4b0cfd\" data-element_type=\"column\" data-e-type=\"column\">\n\t\t\t<div class=\"elementor-widget-wrap elementor-element-populated\">\n\t\t\t\t\t\t<div class=\"elementor-element elementor-element-de8ce45 elementor-widget elementor-widget-image\" data-id=\"de8ce45\" data-element_type=\"widget\" data-e-type=\"widget\" data-widget_type=\"image.default\">\n\t\t\t\t<div class=\"elementor-widget-container\">\n\t\t\t\t\t\t\t\t\t\t\t\t\t\t\t<img decoding=\"async\" width=\"1024\" height=\"856\" src=\"https:\/\/soevalgus.ee\/wp-content\/uploads\/2023\/10\/IMG_1551-1024x856.jpeg\" class=\"attachment-large size-large wp-image-810\" alt=\"soe valgus\" srcset=\"https:\/\/soevalgus.ee\/wp-content\/uploads\/2023\/10\/IMG_1551-1024x856.jpeg 1024w, https:\/\/soevalgus.ee\/wp-content\/uploads\/2023\/10\/IMG_1551-scaled-600x502.jpeg 600w, https:\/\/soevalgus.ee\/wp-content\/uploads\/2023\/10\/IMG_1551-300x251.jpeg 300w, https:\/\/soevalgus.ee\/wp-content\/uploads\/2023\/10\/IMG_1551-768x642.jpeg 768w, https:\/\/soevalgus.ee\/wp-content\/uploads\/2023\/10\/IMG_1551-1536x1284.jpeg 1536w, https:\/\/soevalgus.ee\/wp-content\/uploads\/2023\/10\/IMG_1551-2048x1712.jpeg 2048w, https:\/\/soevalgus.ee\/wp-content\/uploads\/2023\/10\/IMG_1551-14x12.jpeg 14w\" sizes=\"(max-width: 1024px) 100vw, 1024px\" \/>\t\t\t\t\t\t\t\t\t\t\t\t\t\t\t<\/div>\n\t\t\t\t<\/div>\n\t\t\t\t\t<\/div>\n\t\t<\/div>\n\t\t\t\t\t<\/div>\n\t\t<\/section>\n\t\t\t\t<\/div>","protected":false},"excerpt":{"rendered":"<p>SOE VALGUS valgustid on loodud Eestis koost\u00f6\u00f6s kohalike k\u00e4sit\u00f6\u00f6meistritega, \u00fchendades traditsioonilised tehnikad kaasaegse stiiliga. Lisaks sellele on meie lampidel tugev taaskasutuse aspekt. Tootmisprotsessis tekkivaid j\u00e4\u00e4tmeid v\u00e4hendame hoolikalt valitud materjalide abil, millest v\u00f5imalikult paljud on taaskasutatud. Meie eesm\u00e4rgiks on luua tooteid, mis aitavad kaasa maailma paremaks muutmisele. Isikup\u00e4rased valgustid loovad interj\u00f6\u00f6ris erilise atmosf\u00e4\u00e4ri, sobides nii modernsematesse &hellip;<\/p>\n<p class=\"read-more\"> <a class=\"\" href=\"https:\/\/soevalgus.ee\/en\/lugu\/\"> <span class=\"screen-reader-text\">Lugu<\/span> Read More &raquo;<\/a><\/p>","protected":false},"author":1,"featured_media":0,"parent":0,"menu_order":0,"comment_status":"closed","ping_status":"closed","template":"","meta":{"_monsterinsights_skip_tracking":false,"_monsterinsights_sitenote_active":false,"_monsterinsights_sitenote_note":"","_monsterinsights_sitenote_category":0,"site-sidebar-layout":"no-sidebar","site-content-layout":"page-builder","ast-global-header-display":"","ast-banner-title-visibility":"","ast-main-header-display":"","ast-hfb-above-header-display":"","ast-hfb-below-header-display":"","ast-hfb-mobile-header-display":"","site-post-title":"disabled","ast-breadcrumbs-content":"","ast-featured-img":"disabled","footer-sml-layout":"","theme-transparent-header-meta":"default","adv-header-id-meta":"","stick-header-meta":"","header-above-stick-meta":"","header-main-stick-meta":"","header-below-stick-meta":"","footnotes":""},"class_list":["post-15","page","type-page","status-publish","hentry"],"jetpack_sharing_enabled":true,"_links":{"self":[{"href":"https:\/\/soevalgus.ee\/en\/wp-json\/wp\/v2\/pages\/15","targetHints":{"allow":["GET"]}}],"collection":[{"href":"https:\/\/soevalgus.ee\/en\/wp-json\/wp\/v2\/pages"}],"about":[{"href":"https:\/\/soevalgus.ee\/en\/wp-json\/wp\/v2\/types\/page"}],"author":[{"embeddable":true,"href":"https:\/\/soevalgus.ee\/en\/wp-json\/wp\/v2\/users\/1"}],"replies":[{"embeddable":true,"href":"https:\/\/soevalgus.ee\/en\/wp-json\/wp\/v2\/comments?post=15"}],"version-history":[{"count":5,"href":"https:\/\/soevalgus.ee\/en\/wp-json\/wp\/v2\/pages\/15\/revisions"}],"predecessor-version":[{"id":989,"href":"https:\/\/soevalgus.ee\/en\/wp-json\/wp\/v2\/pages\/15\/revisions\/989"}],"wp:attachment":[{"href":"https:\/\/soevalgus.ee\/en\/wp-json\/wp\/v2\/media?parent=15"}],"curies":[{"name":"wp","href":"https:\/\/api.w.org\/{rel}","templated":true}]}}