{"id":100,"date":"2023-06-29T08:35:54","date_gmt":"2023-06-29T08:35:54","guid":{"rendered":"https:\/\/soevalgus.ee\/?page_id=100"},"modified":"2023-10-05T08:52:49","modified_gmt":"2023-10-05T08:52:49","slug":"avaleht","status":"publish","type":"page","link":"https:\/\/soevalgus.ee\/en\/","title":{"rendered":"avaleht"},"content":{"rendered":"<div data-elementor-type=\"wp-post\" data-elementor-id=\"100\" class=\"elementor elementor-100\">\n\t\t\t\t\t\t<section class=\"elementor-section elementor-top-section elementor-element elementor-element-337fcfb elementor-section-boxed elementor-section-height-default elementor-section-height-default\" data-id=\"337fcfb\" data-element_type=\"section\" data-e-type=\"section\">\n\t\t\t\t\t\t<div class=\"elementor-container elementor-column-gap-default\">\n\t\t\t\t\t<div class=\"elementor-column elementor-col-100 elementor-top-column elementor-element elementor-element-6e63057\" data-id=\"6e63057\" data-element_type=\"column\" data-e-type=\"column\">\n\t\t\t<div class=\"elementor-widget-wrap elementor-element-populated\">\n\t\t\t\t\t\t<div class=\"elementor-element elementor-element-db4a329 elementor-widget__width-auto elementor-widget elementor-widget-image\" data-id=\"db4a329\" data-element_type=\"widget\" data-e-type=\"widget\" data-widget_type=\"image.default\">\n\t\t\t\t<div class=\"elementor-widget-container\">\n\t\t\t\t\t\t\t\t\t\t\t\t\t\t\t<img fetchpriority=\"high\" decoding=\"async\" width=\"1024\" height=\"576\" src=\"https:\/\/soevalgus.ee\/wp-content\/uploads\/2023\/09\/VALGUSTID-MIS-KAUNISTAVAD-KODU-JA-SOOJENDAVAD-HINGE-1024x576.png\" class=\"attachment-large size-large wp-image-653\" alt=\"hero\" srcset=\"https:\/\/soevalgus.ee\/wp-content\/uploads\/2023\/09\/VALGUSTID-MIS-KAUNISTAVAD-KODU-JA-SOOJENDAVAD-HINGE-1024x576.png 1024w, https:\/\/soevalgus.ee\/wp-content\/uploads\/2023\/09\/VALGUSTID-MIS-KAUNISTAVAD-KODU-JA-SOOJENDAVAD-HINGE-600x337.png 600w, https:\/\/soevalgus.ee\/wp-content\/uploads\/2023\/09\/VALGUSTID-MIS-KAUNISTAVAD-KODU-JA-SOOJENDAVAD-HINGE-300x169.png 300w, https:\/\/soevalgus.ee\/wp-content\/uploads\/2023\/09\/VALGUSTID-MIS-KAUNISTAVAD-KODU-JA-SOOJENDAVAD-HINGE-768x432.png 768w, https:\/\/soevalgus.ee\/wp-content\/uploads\/2023\/09\/VALGUSTID-MIS-KAUNISTAVAD-KODU-JA-SOOJENDAVAD-HINGE-1536x864.png 1536w, https:\/\/soevalgus.ee\/wp-content\/uploads\/2023\/09\/VALGUSTID-MIS-KAUNISTAVAD-KODU-JA-SOOJENDAVAD-HINGE-2048x1152.png 2048w, https:\/\/soevalgus.ee\/wp-content\/uploads\/2023\/09\/VALGUSTID-MIS-KAUNISTAVAD-KODU-JA-SOOJENDAVAD-HINGE-18x10.png 18w\" sizes=\"(max-width: 1024px) 100vw, 1024px\" \/>\t\t\t\t\t\t\t\t\t\t\t\t\t\t\t<\/div>\n\t\t\t\t<\/div>\n\t\t\t\t\t<\/div>\n\t\t<\/div>\n\t\t\t\t\t<\/div>\n\t\t<\/section>\n\t\t\t\t<section class=\"elementor-section elementor-top-section elementor-element elementor-element-85fea85 elementor-section-height-min-height elementor-section-boxed elementor-section-height-default elementor-section-items-middle\" data-id=\"85fea85\" data-element_type=\"section\" data-e-type=\"section\">\n\t\t\t\t\t\t<div class=\"elementor-container elementor-column-gap-default\">\n\t\t\t\t\t<div class=\"elementor-column elementor-col-100 elementor-top-column elementor-element elementor-element-208f21d\" data-id=\"208f21d\" data-element_type=\"column\" data-e-type=\"column\">\n\t\t\t<div class=\"elementor-widget-wrap elementor-element-populated\">\n\t\t\t\t\t\t<section class=\"elementor-section elementor-inner-section elementor-element elementor-element-298969e elementor-section-boxed elementor-section-height-default elementor-section-height-default\" data-id=\"298969e\" data-element_type=\"section\" data-e-type=\"section\">\n\t\t\t\t\t\t<div class=\"elementor-container elementor-column-gap-wider\">\n\t\t\t\t\t<div class=\"elementor-column elementor-col-50 elementor-inner-column elementor-element elementor-element-554fe84\" data-id=\"554fe84\" data-element_type=\"column\" data-e-type=\"column\">\n\t\t\t<div class=\"elementor-widget-wrap elementor-element-populated\">\n\t\t\t\t\t\t<div class=\"elementor-element elementor-element-256b96b elementor-widget elementor-widget-image\" data-id=\"256b96b\" data-element_type=\"widget\" data-e-type=\"widget\" data-widget_type=\"image.default\">\n\t\t\t\t<div class=\"elementor-widget-container\">\n\t\t\t\t\t\t\t\t\t\t\t\t\t\t\t<img decoding=\"async\" width=\"1024\" height=\"341\" src=\"https:\/\/soevalgus.ee\/wp-content\/uploads\/2023\/10\/Soe_Valgus-2-1024x341.png\" class=\"attachment-large size-large wp-image-1048\" alt=\"\" srcset=\"https:\/\/soevalgus.ee\/wp-content\/uploads\/2023\/10\/Soe_Valgus-2-1024x341.png 1024w, https:\/\/soevalgus.ee\/wp-content\/uploads\/2023\/10\/Soe_Valgus-2-600x200.png 600w, https:\/\/soevalgus.ee\/wp-content\/uploads\/2023\/10\/Soe_Valgus-2-300x100.png 300w, https:\/\/soevalgus.ee\/wp-content\/uploads\/2023\/10\/Soe_Valgus-2-768x256.png 768w, https:\/\/soevalgus.ee\/wp-content\/uploads\/2023\/10\/Soe_Valgus-2-1536x512.png 1536w, https:\/\/soevalgus.ee\/wp-content\/uploads\/2023\/10\/Soe_Valgus-2-2048x683.png 2048w, https:\/\/soevalgus.ee\/wp-content\/uploads\/2023\/10\/Soe_Valgus-2-18x6.png 18w\" sizes=\"(max-width: 1024px) 100vw, 1024px\" \/>\t\t\t\t\t\t\t\t\t\t\t\t\t\t\t<\/div>\n\t\t\t\t<\/div>\n\t\t\t\t\t<\/div>\n\t\t<\/div>\n\t\t\t\t<div class=\"elementor-column elementor-col-50 elementor-inner-column elementor-element elementor-element-9673e43\" data-id=\"9673e43\" data-element_type=\"column\" data-e-type=\"column\">\n\t\t\t<div class=\"elementor-widget-wrap elementor-element-populated\">\n\t\t\t\t\t\t<div class=\"elementor-element elementor-element-e027677 elementor-widget elementor-widget-text-editor\" data-id=\"e027677\" data-element_type=\"widget\" data-e-type=\"widget\" data-widget_type=\"text-editor.default\">\n\t\t\t\t<div class=\"elementor-widget-container\">\n\t\t\t\t\t\t\t\t\t<p>Iga valgusti on valmistatud hoole ja p\u00fchendumisega, kandes endas k\u00e4sit\u00f6\u00f6liste oskusteavet ja armastust oma t\u00f6\u00f6 vastu. Kohalikud meistrid on olulised partnerid, kes aitavad Soe Valgusel hoida elus esivanemate p\u00e4randit ning tuua see kaasaegsesse maailma. Nende oskused ja kogemused on hindamatuks ressursiks, mis rikastab iga valgusti lugu ning lisab neile s\u00fcgavust ja autentsust. T\u00e4nu kohalike k\u00e4sit\u00f6\u00f6meistrite panusele on Soe Valguse tooted mitte ainult valgusallikad, vaid ka kunstiteosed, mis kannavad endas ajaloolist ja kultuurilist v\u00e4\u00e4rtust.<\/p>\t\t\t\t\t\t\t\t<\/div>\n\t\t\t\t<\/div>\n\t\t\t\t\t<\/div>\n\t\t<\/div>\n\t\t\t\t\t<\/div>\n\t\t<\/section>\n\t\t\t\t\t<\/div>\n\t\t<\/div>\n\t\t\t\t\t<\/div>\n\t\t<\/section>\n\t\t\t\t<\/div>","protected":false},"excerpt":{"rendered":"<p>Iga valgusti on valmistatud hoole ja p\u00fchendumisega, kandes endas k\u00e4sit\u00f6\u00f6liste oskusteavet ja armastust oma t\u00f6\u00f6 vastu. Kohalikud meistrid on olulised partnerid, kes aitavad Soe Valgusel hoida elus esivanemate p\u00e4randit ning tuua see kaasaegsesse maailma. Nende oskused ja kogemused on hindamatuks ressursiks, mis rikastab iga valgusti lugu ning lisab neile s\u00fcgavust ja autentsust. T\u00e4nu kohalike k\u00e4sit\u00f6\u00f6meistrite &hellip;<\/p>\n<p class=\"read-more\"> <a class=\"\" href=\"https:\/\/soevalgus.ee\/en\/\"> <span class=\"screen-reader-text\">avaleht<\/span> Read More &raquo;<\/a><\/p>","protected":false},"author":1,"featured_media":0,"parent":0,"menu_order":0,"comment_status":"closed","ping_status":"closed","template":"","meta":{"_monsterinsights_skip_tracking":false,"_monsterinsights_sitenote_active":false,"_monsterinsights_sitenote_note":"","_monsterinsights_sitenote_category":0,"site-sidebar-layout":"no-sidebar","site-content-layout":"page-builder","ast-global-header-display":"","ast-banner-title-visibility":"","ast-main-header-display":"","ast-hfb-above-header-display":"","ast-hfb-below-header-display":"","ast-hfb-mobile-header-display":"","site-post-title":"disabled","ast-breadcrumbs-content":"","ast-featured-img":"disabled","footer-sml-layout":"","theme-transparent-header-meta":"default","adv-header-id-meta":"","stick-header-meta":"","header-above-stick-meta":"","header-main-stick-meta":"","header-below-stick-meta":"","footnotes":""},"class_list":["post-100","page","type-page","status-publish","hentry"],"jetpack_sharing_enabled":true,"_links":{"self":[{"href":"https:\/\/soevalgus.ee\/en\/wp-json\/wp\/v2\/pages\/100","targetHints":{"allow":["GET"]}}],"collection":[{"href":"https:\/\/soevalgus.ee\/en\/wp-json\/wp\/v2\/pages"}],"about":[{"href":"https:\/\/soevalgus.ee\/en\/wp-json\/wp\/v2\/types\/page"}],"author":[{"embeddable":true,"href":"https:\/\/soevalgus.ee\/en\/wp-json\/wp\/v2\/users\/1"}],"replies":[{"embeddable":true,"href":"https:\/\/soevalgus.ee\/en\/wp-json\/wp\/v2\/comments?post=100"}],"version-history":[{"count":5,"href":"https:\/\/soevalgus.ee\/en\/wp-json\/wp\/v2\/pages\/100\/revisions"}],"predecessor-version":[{"id":1051,"href":"https:\/\/soevalgus.ee\/en\/wp-json\/wp\/v2\/pages\/100\/revisions\/1051"}],"wp:attachment":[{"href":"https:\/\/soevalgus.ee\/en\/wp-json\/wp\/v2\/media?parent=100"}],"curies":[{"name":"wp","href":"https:\/\/api.w.org\/{rel}","templated":true}]}}